{"id":41,"date":"2015-05-14T17:17:16","date_gmt":"2015-05-14T17:17:16","guid":{"rendered":"http:\/\/ladybyron.es\/es\/?page_id=41"},"modified":"2016-06-22T03:23:23","modified_gmt":"2016-06-22T03:23:23","slug":"inicio","status":"publish","type":"page","link":"https:\/\/ladybyron.es\/es\/inicio\/","title":{"rendered":"PR\u00d3LOGO"},"content":{"rendered":"\t<div  class=\"vc_row wpb_row vc_row-fluid\">\n\t<div class=\"vc_col-sm-12 wpb_column vc_column_container \">\n\t\t<div class=\"wpb_wrapper\">\n\t\t\t\n\t<div class=\"wpb_text_column wpb_content_element \">\n\t\t<div class=\"wpb_wrapper\">\n\t\t\t<p><a href=\"https:\/\/ladybyron.es\/es\/wp-content\/uploads\/2015\/08\/75-7.jpg\"><img class=\" aligncenter\" src=\"https:\/\/ladybyron.es\/es\/wp-content\/uploads\/2015\/05\/prologo-ladybyron.jpg\" alt=\"prologo byron\" \/><\/a><\/p>\n<p style=\"text-indent: 25px; text-align: justify;\"><em> <\/em><\/p>\n<p><em>  Mi amor por el Arte naci\u00f3 con Lord Byron. Era una ni\u00f1a y en mi libro de ingl\u00e9s vi su retrato con una breve biograf\u00eda entre los de Keats y Shelley. Cuando lo le\u00ed y mientras lo miraba germin\u00f3 dentro de m\u00ed un sentimiento que no hab\u00eda conocido hasta entonces: en el mundo exist\u00eda una belleza insospechada que deb\u00eda explorar y de la que alimentar\u00eda mi alma a partir de ese momento.<\/em><\/p>\n<p><em>  Mis amigos me llaman Byron y \u00e9ste proyecto no pod\u00eda llevar otro nombre que el de Lady Byron. Espero hacer honor a \u00e9l.<\/em><\/p>\n<p><em>  Comienza un sue\u00f1o\u2026<\/em><\/p>\n<p style=\"text-align: center;\">____<\/p>\n<p style=\"text-align: left;\"><em>  My love for Art was born with Lord Byron. I was a child and in my English book I saw his picture with a brief biography between Keats and Shelley. When I read it and as I looked germinated in me a feeling that I had not known before: in the world there was an unexpected beauty should explore and that would feed my soul from that time.<\/em><\/p>\n<p><em>    My friends call me Byron and this project could not take another name than Lady Byron. I hope to honor him.<\/em><\/p>\n<p><em>    Begins a dream &#8230;<\/em><\/p>\n\n\t\t<\/div> \n\t<\/div> \n\t\t<\/div> \n\t<\/div> \n\n\t<div class=\"vc_col-sm-12 wpb_column vc_column_container \">\n\t\t<div class=\"wpb_wrapper\">\n\t\t\t\n\t\t<\/div> \n\t<\/div> \n<\/div>\n<div data-animation=\"no-animation\" data-icons-animation=\"no-animation\" data-overlay=\"on\" data-change-size=\"\" data-button-size=\"1\" style=\"font-size:1em!important;display:none;\" class=\"supsystic-social-sharing supsystic-social-sharing-package-flat supsystic-social-sharing-content supsystic-social-sharing-content-align-center\" data-text=\"\"><a data-networks=\"[]\" class=\"social-sharing-button sharer-flat sharer-flat-5 counter-standard without-counter facebook\" target=\"_blank\" title=\"Facebook\" href=\"https:\/\/www.facebook.com\/sharer.php?u=https%3A%2F%2Fladybyron.es%2Fes%2Finicio%2F\" data-main-href=\"https:\/\/www.facebook.com\/sharer.php?u={url}\" data-nid=\"1\" data-name=\"\" data-pid=\"1\" data-post-id=\"41\" data-url=\"https:\/\/ladybyron.es\/es\/wp-admin\/admin-ajax.php\" rel=\"nofollow\" data-mailto=\"\"><i class=\"fa-ssbs fa-ssbs-fw fa-ssbs-facebook\"><\/i><div class=\"counter-wrap standard\"><span class=\"counter\">14<\/span><\/div><\/a><a data-networks=\"[]\" class=\"social-sharing-button sharer-flat sharer-flat-5 counter-standard without-counter twitter\" target=\"_blank\" title=\"Twitter\" href=\"https:\/\/twitter.com\/share?url=https%3A%2F%2Fladybyron.es%2Fes%2Finicio%2F&text=PR%C3%93LOGO\" data-main-href=\"https:\/\/twitter.com\/share?url={url}&text={title}\" data-nid=\"2\" data-name=\"\" data-pid=\"1\" data-post-id=\"41\" data-url=\"https:\/\/ladybyron.es\/es\/wp-admin\/admin-ajax.php\" rel=\"nofollow\" data-mailto=\"\"><i class=\"fa-ssbs fa-ssbs-fw fa-ssbs-twitter\"><\/i><div class=\"counter-wrap standard\"><span class=\"counter\">10<\/span><\/div><\/a><a data-networks=\"[]\" class=\"social-sharing-button sharer-flat sharer-flat-5 counter-standard without-counter googleplus\" target=\"_blank\" title=\"Google+\" href=\"https:\/\/plus.google.com\/share?url=https%3A%2F%2Fladybyron.es%2Fes%2Finicio%2F\" data-main-href=\"https:\/\/plus.google.com\/share?url={url}\" data-nid=\"3\" data-name=\"\" data-pid=\"1\" data-post-id=\"41\" data-url=\"https:\/\/ladybyron.es\/es\/wp-admin\/admin-ajax.php\" rel=\"nofollow\" data-mailto=\"\"><i class=\"fa-ssbs fa-ssbs-fw fa-ssbs-google-plus\"><\/i><div class=\"counter-wrap standard\"><span class=\"counter\">24<\/span><\/div><\/a><a data-networks=\"[]\" class=\"social-sharing-button sharer-flat sharer-flat-5 counter-standard without-counter pinterest\" target=\"_blank\" title=\"Pinterest\" href=\"https:\/\/pinterest.com\/pin\/create\/link\/?url=https%3A%2F%2Fladybyron.es%2Fes%2Finicio%2F&description=PR%C3%93LOGO\" data-main-href=\"https:\/\/pinterest.com\/pin\/create\/link\/?url={url}&description={title}\" data-nid=\"7\" data-name=\"\" data-pid=\"1\" data-post-id=\"41\" data-url=\"https:\/\/ladybyron.es\/es\/wp-admin\/admin-ajax.php\" rel=\"nofollow\" data-mailto=\"\"><i class=\"fa-ssbs fa-ssbs-fw fa-ssbs-pinterest\"><\/i><div class=\"counter-wrap standard\"><span class=\"counter\">28<\/span><\/div><\/a><a data-networks=\"[]\" class=\"social-sharing-button sharer-flat sharer-flat-5 counter-standard without-counter mail\" target=\"_blank\" title=\"Mail\" href=\"#\" data-main-href=\"#\" data-nid=\"16\" data-name=\"\" data-pid=\"1\" data-post-id=\"41\" data-url=\"https:\/\/ladybyron.es\/es\/wp-admin\/admin-ajax.php\" rel=\"nofollow\" data-mailto=\"\"><i class=\"fa-ssbs fa-ssbs-fw fa-ssbs-envelope-o\"><\/i><div class=\"counter-wrap standard\"><span class=\"counter\">8<\/span><\/div><\/a><\/div>","protected":false},"excerpt":{"rendered":"<div data-animation=\"no-animation\" data-icons-animation=\"no-animation\" data-overlay=\"on\" data-change-size=\"\" data-button-size=\"1\" style=\"font-size:1em!important;display:none;\" class=\"supsystic-social-sharing supsystic-social-sharing-package-flat supsystic-social-sharing-content supsystic-social-sharing-content-align-center\" data-text=\"\"><a data-networks=\"[]\" class=\"social-sharing-button sharer-flat sharer-flat-5 counter-standard without-counter facebook\" target=\"_blank\" title=\"Facebook\" href=\"https:\/\/www.facebook.com\/sharer.php?u=https%3A%2F%2Fladybyron.es%2Fes%2Finicio%2F\" data-main-href=\"https:\/\/www.facebook.com\/sharer.php?u={url}\" data-nid=\"1\" data-name=\"\" data-pid=\"1\" data-post-id=\"41\" data-url=\"https:\/\/ladybyron.es\/es\/wp-admin\/admin-ajax.php\" rel=\"nofollow\" data-mailto=\"\"><i class=\"fa-ssbs fa-ssbs-fw fa-ssbs-facebook\"><\/i><div class=\"counter-wrap standard\"><span class=\"counter\">14<\/span><\/div><\/a><a data-networks=\"[]\" class=\"social-sharing-button sharer-flat sharer-flat-5 counter-standard without-counter twitter\" target=\"_blank\" title=\"Twitter\" href=\"https:\/\/twitter.com\/share?url=https%3A%2F%2Fladybyron.es%2Fes%2Finicio%2F&text=PR%C3%93LOGO\" data-main-href=\"https:\/\/twitter.com\/share?url={url}&text={title}\" data-nid=\"2\" data-name=\"\" data-pid=\"1\" data-post-id=\"41\" data-url=\"https:\/\/ladybyron.es\/es\/wp-admin\/admin-ajax.php\" rel=\"nofollow\" data-mailto=\"\"><i class=\"fa-ssbs fa-ssbs-fw fa-ssbs-twitter\"><\/i><div class=\"counter-wrap standard\"><span class=\"counter\">10<\/span><\/div><\/a><a data-networks=\"[]\" class=\"social-sharing-button sharer-flat sharer-flat-5 counter-standard without-counter googleplus\" target=\"_blank\" title=\"Google+\" href=\"https:\/\/plus.google.com\/share?url=https%3A%2F%2Fladybyron.es%2Fes%2Finicio%2F\" data-main-href=\"https:\/\/plus.google.com\/share?url={url}\" data-nid=\"3\" data-name=\"\" data-pid=\"1\" data-post-id=\"41\" data-url=\"https:\/\/ladybyron.es\/es\/wp-admin\/admin-ajax.php\" rel=\"nofollow\" data-mailto=\"\"><i class=\"fa-ssbs fa-ssbs-fw fa-ssbs-google-plus\"><\/i><div class=\"counter-wrap standard\"><span class=\"counter\">24<\/span><\/div><\/a><a data-networks=\"[]\" class=\"social-sharing-button sharer-flat sharer-flat-5 counter-standard without-counter pinterest\" target=\"_blank\" title=\"Pinterest\" href=\"https:\/\/pinterest.com\/pin\/create\/link\/?url=https%3A%2F%2Fladybyron.es%2Fes%2Finicio%2F&description=PR%C3%93LOGO\" data-main-href=\"https:\/\/pinterest.com\/pin\/create\/link\/?url={url}&description={title}\" data-nid=\"7\" data-name=\"\" data-pid=\"1\" data-post-id=\"41\" data-url=\"https:\/\/ladybyron.es\/es\/wp-admin\/admin-ajax.php\" rel=\"nofollow\" data-mailto=\"\"><i class=\"fa-ssbs fa-ssbs-fw fa-ssbs-pinterest\"><\/i><div class=\"counter-wrap standard\"><span class=\"counter\">28<\/span><\/div><\/a><a data-networks=\"[]\" class=\"social-sharing-button sharer-flat sharer-flat-5 counter-standard without-counter mail\" target=\"_blank\" title=\"Mail\" href=\"#\" data-main-href=\"#\" data-nid=\"16\" data-name=\"\" data-pid=\"1\" data-post-id=\"41\" data-url=\"https:\/\/ladybyron.es\/es\/wp-admin\/admin-ajax.php\" rel=\"nofollow\" data-mailto=\"\"><i class=\"fa-ssbs fa-ssbs-fw fa-ssbs-envelope-o\"><\/i><div class=\"counter-wrap standard\"><span class=\"counter\">8<\/span><\/div><\/a><\/div>","protected":false},"author":2,"featured_media":462,"parent":0,"menu_order":0,"comment_status":"closed","ping_status":"closed","template":"","meta":[],"_links":{"self":[{"href":"https:\/\/ladybyron.es\/es\/wp-json\/wp\/v2\/pages\/41"}],"collection":[{"href":"https:\/\/ladybyron.es\/es\/wp-json\/wp\/v2\/pages"}],"about":[{"href":"https:\/\/ladybyron.es\/es\/wp-json\/wp\/v2\/types\/page"}],"author":[{"embeddable":true,"href":"https:\/\/ladybyron.es\/es\/wp-json\/wp\/v2\/users\/2"}],"replies":[{"embeddable":true,"href":"https:\/\/ladybyron.es\/es\/wp-json\/wp\/v2\/comments?post=41"}],"version-history":[{"count":0,"href":"https:\/\/ladybyron.es\/es\/wp-json\/wp\/v2\/pages\/41\/revisions"}],"wp:featuredmedia":[{"embeddable":true,"href":"https:\/\/ladybyron.es\/es\/wp-json\/wp\/v2\/media\/462"}],"wp:attachment":[{"href":"https:\/\/ladybyron.es\/es\/wp-json\/wp\/v2\/media?parent=41"}],"curies":[{"name":"wp","href":"https:\/\/api.w.org\/{rel}","templated":true}]}}